{"id":975,"date":"2019-05-16T23:58:00","date_gmt":"2019-05-16T21:58:00","guid":{"rendered":"https:\/\/www.caxuacu.com\/?page_id=975"},"modified":"2019-05-16T23:58:05","modified_gmt":"2019-05-16T21:58:05","slug":"el-jardin","status":"publish","type":"page","link":"https:\/\/www.caxuacu.com\/index.php\/hotel\/el-jardin\/","title":{"rendered":"El jard\u00edn"},"content":{"rendered":"\n<p>Nuestro jard\u00edn es un espacio donde relajarse, disfrutar de todos los sentidos, observar y conocer especies aut\u00f3ctonas y que vinieron a nuestra tierra de las Am\u00e9ricas junto a los indianos. M\u00e1s de 4.000 metros cuadrados de verde prado, flores, \u00e1rboles frutales y ornamentales donde poder pasear, descansar o hacer carne en nuestra barbacoa mientras disfrutamos de aire puro.<\/p>\n\n\n\n<ul class=\"wp-block-gallery columns-3 is-cropped wp-block-gallery-1 is-layout-flex wp-block-gallery-is-layout-flex\"><li class=\"blocks-gallery-item\"><figure><img loading=\"lazy\" decoding=\"async\" width=\"1024\" height=\"768\" src=\"https:\/\/www.caxuacu.com\/wp-content\/uploads\/2019\/05\/DSCF2789-1024x768.jpg\" alt=\"\" data-id=\"980\" data-link=\"https:\/\/www.caxuacu.com\/?attachment_id=980\" class=\"wp-image-980\" srcset=\"https:\/\/www.caxuacu.com\/wp-content\/uploads\/2019\/05\/DSCF2789-1024x768.jpg 1024w, https:\/\/www.caxuacu.com\/wp-content\/uploads\/2019\/05\/DSCF2789-300x225.jpg 300w, https:\/\/www.caxuacu.com\/wp-content\/uploads\/2019\/05\/DSCF2789-768x576.jpg 768w, https:\/\/www.caxuacu.com\/wp-content\/uploads\/2019\/05\/DSCF2789-747x560.jpg 747w, https:\/\/www.caxuacu.com\/wp-content\/uploads\/2019\/05\/DSCF2789-2000x1500.jpg 2000w, https:\/\/www.caxuacu.com\/wp-content\/uploads\/2019\/05\/DSCF2789-712x534.jpg 712w\" sizes=\"auto, (max-width: 1024px) 100vw, 1024px\" \/><\/figure><\/li><li class=\"blocks-gallery-item\"><figure><img loading=\"lazy\" decoding=\"async\" width=\"1024\" height=\"768\" src=\"https:\/\/www.caxuacu.com\/wp-content\/uploads\/2019\/05\/DSCF2791-1024x768.jpg\" alt=\"\" data-id=\"992\" data-link=\"https:\/\/www.caxuacu.com\/?attachment_id=992\" class=\"wp-image-992\" srcset=\"https:\/\/www.caxuacu.com\/wp-content\/uploads\/2019\/05\/DSCF2791-1024x768.jpg 1024w, https:\/\/www.caxuacu.com\/wp-content\/uploads\/2019\/05\/DSCF2791-300x225.jpg 300w, https:\/\/www.caxuacu.com\/wp-content\/uploads\/2019\/05\/DSCF2791-768x576.jpg 768w, https:\/\/www.caxuacu.com\/wp-content\/uploads\/2019\/05\/DSCF2791-747x560.jpg 747w, https:\/\/www.caxuacu.com\/wp-content\/uploads\/2019\/05\/DSCF2791-2000x1500.jpg 2000w, https:\/\/www.caxuacu.com\/wp-content\/uploads\/2019\/05\/DSCF2791-712x534.jpg 712w\" sizes=\"auto, (max-width: 1024px) 100vw, 1024px\" \/><\/figure><\/li><li class=\"blocks-gallery-item\"><figure><img loading=\"lazy\" decoding=\"async\" width=\"1024\" height=\"768\" src=\"https:\/\/www.caxuacu.com\/wp-content\/uploads\/2019\/05\/DSCF2736-1024x768.jpg\" alt=\"\" data-id=\"996\" data-link=\"https:\/\/www.caxuacu.com\/?attachment_id=996\" class=\"wp-image-996\" srcset=\"https:\/\/www.caxuacu.com\/wp-content\/uploads\/2019\/05\/DSCF2736-1024x768.jpg 1024w, https:\/\/www.caxuacu.com\/wp-content\/uploads\/2019\/05\/DSCF2736-300x225.jpg 300w, https:\/\/www.caxuacu.com\/wp-content\/uploads\/2019\/05\/DSCF2736-768x576.jpg 768w, https:\/\/www.caxuacu.com\/wp-content\/uploads\/2019\/05\/DSCF2736-747x560.jpg 747w, https:\/\/www.caxuacu.com\/wp-content\/uploads\/2019\/05\/DSCF2736-2000x1500.jpg 2000w, https:\/\/www.caxuacu.com\/wp-content\/uploads\/2019\/05\/DSCF2736-712x534.jpg 712w\" sizes=\"auto, (max-width: 1024px) 100vw, 1024px\" \/><\/figure><\/li><li class=\"blocks-gallery-item\"><figure><img loading=\"lazy\" decoding=\"async\" width=\"1024\" height=\"768\" src=\"https:\/\/www.caxuacu.com\/wp-content\/uploads\/2019\/05\/DSCF2737-1024x768.jpg\" alt=\"\" data-id=\"1000\" data-link=\"https:\/\/www.caxuacu.com\/?attachment_id=1000\" class=\"wp-image-1000\" srcset=\"https:\/\/www.caxuacu.com\/wp-content\/uploads\/2019\/05\/DSCF2737-1024x768.jpg 1024w, https:\/\/www.caxuacu.com\/wp-content\/uploads\/2019\/05\/DSCF2737-300x225.jpg 300w, https:\/\/www.caxuacu.com\/wp-content\/uploads\/2019\/05\/DSCF2737-768x576.jpg 768w, https:\/\/www.caxuacu.com\/wp-content\/uploads\/2019\/05\/DSCF2737-747x560.jpg 747w, https:\/\/www.caxuacu.com\/wp-content\/uploads\/2019\/05\/DSCF2737-2000x1500.jpg 2000w, https:\/\/www.caxuacu.com\/wp-content\/uploads\/2019\/05\/DSCF2737-712x534.jpg 712w\" sizes=\"auto, (max-width: 1024px) 100vw, 1024px\" \/><\/figure><\/li><li class=\"blocks-gallery-item\"><figure><img loading=\"lazy\" decoding=\"async\" width=\"1024\" height=\"768\" src=\"https:\/\/www.caxuacu.com\/wp-content\/uploads\/2019\/05\/DSCF2738-1024x768.jpg\" alt=\"\" data-id=\"1004\" data-link=\"https:\/\/www.caxuacu.com\/?attachment_id=1004\" class=\"wp-image-1004\" srcset=\"https:\/\/www.caxuacu.com\/wp-content\/uploads\/2019\/05\/DSCF2738-1024x768.jpg 1024w, https:\/\/www.caxuacu.com\/wp-content\/uploads\/2019\/05\/DSCF2738-300x225.jpg 300w, https:\/\/www.caxuacu.com\/wp-content\/uploads\/2019\/05\/DSCF2738-768x576.jpg 768w, https:\/\/www.caxuacu.com\/wp-content\/uploads\/2019\/05\/DSCF2738-747x560.jpg 747w, https:\/\/www.caxuacu.com\/wp-content\/uploads\/2019\/05\/DSCF2738-2000x1500.jpg 2000w, https:\/\/www.caxuacu.com\/wp-content\/uploads\/2019\/05\/DSCF2738-712x534.jpg 712w\" sizes=\"auto, (max-width: 1024px) 100vw, 1024px\" \/><\/figure><\/li><li class=\"blocks-gallery-item\"><figure><img loading=\"lazy\" decoding=\"async\" width=\"1024\" height=\"768\" src=\"https:\/\/www.caxuacu.com\/wp-content\/uploads\/2019\/05\/DSCF2739-1-1024x768.jpg\" alt=\"\" data-id=\"1012\" data-link=\"https:\/\/www.caxuacu.com\/?attachment_id=1012\" class=\"wp-image-1012\" srcset=\"https:\/\/www.caxuacu.com\/wp-content\/uploads\/2019\/05\/DSCF2739-1-1024x768.jpg 1024w, https:\/\/www.caxuacu.com\/wp-content\/uploads\/2019\/05\/DSCF2739-1-300x225.jpg 300w, https:\/\/www.caxuacu.com\/wp-content\/uploads\/2019\/05\/DSCF2739-1-768x576.jpg 768w, https:\/\/www.caxuacu.com\/wp-content\/uploads\/2019\/05\/DSCF2739-1-747x560.jpg 747w, https:\/\/www.caxuacu.com\/wp-content\/uploads\/2019\/05\/DSCF2739-1-2000x1500.jpg 2000w, https:\/\/www.caxuacu.com\/wp-content\/uploads\/2019\/05\/DSCF2739-1-712x534.jpg 712w\" sizes=\"auto, (max-width: 1024px) 100vw, 1024px\" \/><\/figure><\/li><li class=\"blocks-gallery-item\"><figure><img loading=\"lazy\" decoding=\"async\" width=\"1024\" height=\"768\" src=\"https:\/\/www.caxuacu.com\/wp-content\/uploads\/2019\/05\/DSCF2740-1024x768.jpg\" alt=\"\" data-id=\"1020\" data-link=\"https:\/\/www.caxuacu.com\/?attachment_id=1020\" class=\"wp-image-1020\" srcset=\"https:\/\/www.caxuacu.com\/wp-content\/uploads\/2019\/05\/DSCF2740-1024x768.jpg 1024w, https:\/\/www.caxuacu.com\/wp-content\/uploads\/2019\/05\/DSCF2740-300x225.jpg 300w, https:\/\/www.caxuacu.com\/wp-content\/uploads\/2019\/05\/DSCF2740-768x576.jpg 768w, https:\/\/www.caxuacu.com\/wp-content\/uploads\/2019\/05\/DSCF2740-747x560.jpg 747w, https:\/\/www.caxuacu.com\/wp-content\/uploads\/2019\/05\/DSCF2740-2000x1500.jpg 2000w, https:\/\/www.caxuacu.com\/wp-content\/uploads\/2019\/05\/DSCF2740-712x534.jpg 712w\" sizes=\"auto, (max-width: 1024px) 100vw, 1024px\" \/><\/figure><\/li><li class=\"blocks-gallery-item\"><figure><img loading=\"lazy\" decoding=\"async\" width=\"1024\" height=\"768\" src=\"https:\/\/www.caxuacu.com\/wp-content\/uploads\/2019\/05\/DSCF2821-1024x768.jpg\" alt=\"\" data-id=\"1028\" data-link=\"https:\/\/www.caxuacu.com\/?attachment_id=1028\" class=\"wp-image-1028\" srcset=\"https:\/\/www.caxuacu.com\/wp-content\/uploads\/2019\/05\/DSCF2821-1024x768.jpg 1024w, https:\/\/www.caxuacu.com\/wp-content\/uploads\/2019\/05\/DSCF2821-300x225.jpg 300w, https:\/\/www.caxuacu.com\/wp-content\/uploads\/2019\/05\/DSCF2821-768x576.jpg 768w, https:\/\/www.caxuacu.com\/wp-content\/uploads\/2019\/05\/DSCF2821-747x560.jpg 747w, https:\/\/www.caxuacu.com\/wp-content\/uploads\/2019\/05\/DSCF2821-2000x1500.jpg 2000w, https:\/\/www.caxuacu.com\/wp-content\/uploads\/2019\/05\/DSCF2821-712x534.jpg 712w\" sizes=\"auto, (max-width: 1024px) 100vw, 1024px\" \/><\/figure><\/li><li class=\"blocks-gallery-item\"><figure><img loading=\"lazy\" decoding=\"async\" width=\"1024\" height=\"768\" src=\"https:\/\/www.caxuacu.com\/wp-content\/uploads\/2019\/05\/DSCF2823-1024x768.jpg\" alt=\"\" data-id=\"1036\" data-link=\"https:\/\/www.caxuacu.com\/?attachment_id=1036\" class=\"wp-image-1036\" srcset=\"https:\/\/www.caxuacu.com\/wp-content\/uploads\/2019\/05\/DSCF2823-1024x768.jpg 1024w, https:\/\/www.caxuacu.com\/wp-content\/uploads\/2019\/05\/DSCF2823-300x225.jpg 300w, https:\/\/www.caxuacu.com\/wp-content\/uploads\/2019\/05\/DSCF2823-768x576.jpg 768w, https:\/\/www.caxuacu.com\/wp-content\/uploads\/2019\/05\/DSCF2823-747x560.jpg 747w, https:\/\/www.caxuacu.com\/wp-content\/uploads\/2019\/05\/DSCF2823-2000x1500.jpg 2000w, https:\/\/www.caxuacu.com\/wp-content\/uploads\/2019\/05\/DSCF2823-712x534.jpg 712w\" sizes=\"auto, (max-width: 1024px) 100vw, 1024px\" \/><\/figure><\/li><li class=\"blocks-gallery-item\"><figure><img loading=\"lazy\" decoding=\"async\" width=\"1024\" height=\"768\" src=\"https:\/\/www.caxuacu.com\/wp-content\/uploads\/2019\/05\/DSCF2825-1024x768.jpg\" alt=\"\" data-id=\"1044\" data-link=\"https:\/\/www.caxuacu.com\/?attachment_id=1044\" class=\"wp-image-1044\" srcset=\"https:\/\/www.caxuacu.com\/wp-content\/uploads\/2019\/05\/DSCF2825-1024x768.jpg 1024w, https:\/\/www.caxuacu.com\/wp-content\/uploads\/2019\/05\/DSCF2825-300x225.jpg 300w, https:\/\/www.caxuacu.com\/wp-content\/uploads\/2019\/05\/DSCF2825-768x576.jpg 768w, https:\/\/www.caxuacu.com\/wp-content\/uploads\/2019\/05\/DSCF2825-747x560.jpg 747w, https:\/\/www.caxuacu.com\/wp-content\/uploads\/2019\/05\/DSCF2825-2000x1500.jpg 2000w, https:\/\/www.caxuacu.com\/wp-content\/uploads\/2019\/05\/DSCF2825-712x534.jpg 712w\" sizes=\"auto, (max-width: 1024px) 100vw, 1024px\" \/><\/figure><\/li><li class=\"blocks-gallery-item\"><figure><img loading=\"lazy\" decoding=\"async\" width=\"1024\" height=\"768\" src=\"https:\/\/www.caxuacu.com\/wp-content\/uploads\/2019\/05\/DSCF2827-1024x768.jpg\" alt=\"\" data-id=\"1056\" data-link=\"https:\/\/www.caxuacu.com\/?attachment_id=1056\" class=\"wp-image-1056\" srcset=\"https:\/\/www.caxuacu.com\/wp-content\/uploads\/2019\/05\/DSCF2827-1024x768.jpg 1024w, https:\/\/www.caxuacu.com\/wp-content\/uploads\/2019\/05\/DSCF2827-300x225.jpg 300w, https:\/\/www.caxuacu.com\/wp-content\/uploads\/2019\/05\/DSCF2827-768x576.jpg 768w, https:\/\/www.caxuacu.com\/wp-content\/uploads\/2019\/05\/DSCF2827-747x560.jpg 747w, https:\/\/www.caxuacu.com\/wp-content\/uploads\/2019\/05\/DSCF2827-2000x1500.jpg 2000w, https:\/\/www.caxuacu.com\/wp-content\/uploads\/2019\/05\/DSCF2827-712x534.jpg 712w\" sizes=\"auto, (max-width: 1024px) 100vw, 1024px\" \/><\/figure><\/li><li class=\"blocks-gallery-item\"><figure><img loading=\"lazy\" decoding=\"async\" width=\"1024\" height=\"768\" src=\"https:\/\/www.caxuacu.com\/wp-content\/uploads\/2019\/05\/DSCF2828-1024x768.jpg\" alt=\"\" data-id=\"1060\" data-link=\"https:\/\/www.caxuacu.com\/?attachment_id=1060\" class=\"wp-image-1060\" srcset=\"https:\/\/www.caxuacu.com\/wp-content\/uploads\/2019\/05\/DSCF2828-1024x768.jpg 1024w, https:\/\/www.caxuacu.com\/wp-content\/uploads\/2019\/05\/DSCF2828-300x225.jpg 300w, https:\/\/www.caxuacu.com\/wp-content\/uploads\/2019\/05\/DSCF2828-768x576.jpg 768w, https:\/\/www.caxuacu.com\/wp-content\/uploads\/2019\/05\/DSCF2828-747x560.jpg 747w, https:\/\/www.caxuacu.com\/wp-content\/uploads\/2019\/05\/DSCF2828-2000x1500.jpg 2000w, https:\/\/www.caxuacu.com\/wp-content\/uploads\/2019\/05\/DSCF2828-712x534.jpg 712w\" sizes=\"auto, (max-width: 1024px) 100vw, 1024px\" \/><\/figure><\/li><li class=\"blocks-gallery-item\"><figure><img loading=\"lazy\" decoding=\"async\" width=\"1024\" height=\"768\" src=\"https:\/\/www.caxuacu.com\/wp-content\/uploads\/2019\/05\/DSCF2847-1-1024x768.jpg\" alt=\"\" data-id=\"1064\" data-link=\"https:\/\/www.caxuacu.com\/?attachment_id=1064\" class=\"wp-image-1064\" srcset=\"https:\/\/www.caxuacu.com\/wp-content\/uploads\/2019\/05\/DSCF2847-1-1024x768.jpg 1024w, https:\/\/www.caxuacu.com\/wp-content\/uploads\/2019\/05\/DSCF2847-1-300x225.jpg 300w, https:\/\/www.caxuacu.com\/wp-content\/uploads\/2019\/05\/DSCF2847-1-768x576.jpg 768w, https:\/\/www.caxuacu.com\/wp-content\/uploads\/2019\/05\/DSCF2847-1-747x560.jpg 747w, https:\/\/www.caxuacu.com\/wp-content\/uploads\/2019\/05\/DSCF2847-1-2000x1500.jpg 2000w, https:\/\/www.caxuacu.com\/wp-content\/uploads\/2019\/05\/DSCF2847-1-712x534.jpg 712w\" sizes=\"auto, (max-width: 1024px) 100vw, 1024px\" \/><\/figure><\/li><\/ul>\n","protected":false},"excerpt":{"rendered":"<p>Nuestro jard\u00edn es un espacio donde relajarse, disfrutar de todos los sentidos, observar y conocer especies aut\u00f3ctonas y que vinieron a nuestra tierra de las Am\u00e9ricas junto a los indianos. M\u00e1s de 4.000 metros cuadrados de verde prado, flores, \u00e1rboles frutales y ornamentales donde poder pasear, descansar o hacer carne en nuestra barbacoa mientras disfrutamos &hellip; <a href=\"https:\/\/www.caxuacu.com\/index.php\/hotel\/el-jardin\/\" class=\"more-link\">Continue reading<span class=\"screen-reader-text\"> \u00abEl jard\u00edn\u00bb<\/span><\/a><\/p>\n","protected":false},"author":2,"featured_media":976,"parent":361,"menu_order":0,"comment_status":"closed","ping_status":"closed","template":"","meta":{"footnotes":""},"class_list":["post-975","page","type-page","status-publish","has-post-thumbnail","hentry"],"_links":{"self":[{"href":"https:\/\/www.caxuacu.com\/index.php\/wp-json\/wp\/v2\/pages\/975","targetHints":{"allow":["GET"]}}],"collection":[{"href":"https:\/\/www.caxuacu.com\/index.php\/wp-json\/wp\/v2\/pages"}],"about":[{"href":"https:\/\/www.caxuacu.com\/index.php\/wp-json\/wp\/v2\/types\/page"}],"author":[{"embeddable":true,"href":"https:\/\/www.caxuacu.com\/index.php\/wp-json\/wp\/v2\/users\/2"}],"replies":[{"embeddable":true,"href":"https:\/\/www.caxuacu.com\/index.php\/wp-json\/wp\/v2\/comments?post=975"}],"version-history":[{"count":1,"href":"https:\/\/www.caxuacu.com\/index.php\/wp-json\/wp\/v2\/pages\/975\/revisions"}],"predecessor-version":[{"id":1068,"href":"https:\/\/www.caxuacu.com\/index.php\/wp-json\/wp\/v2\/pages\/975\/revisions\/1068"}],"up":[{"embeddable":true,"href":"https:\/\/www.caxuacu.com\/index.php\/wp-json\/wp\/v2\/pages\/361"}],"wp:featuredmedia":[{"embeddable":true,"href":"https:\/\/www.caxuacu.com\/index.php\/wp-json\/wp\/v2\/media\/976"}],"wp:attachment":[{"href":"https:\/\/www.caxuacu.com\/index.php\/wp-json\/wp\/v2\/media?parent=975"}],"curies":[{"name":"wp","href":"https:\/\/api.w.org\/{rel}","templated":true}]}}