{"id":4515,"date":"2020-11-20T18:12:59","date_gmt":"2020-11-20T17:12:59","guid":{"rendered":"https:\/\/www.caxuacu.com\/?page_id=4515"},"modified":"2020-11-20T18:12:59","modified_gmt":"2020-11-20T17:12:59","slug":"condiciones-de-reserva-y-o-cancelacion","status":"publish","type":"page","link":"https:\/\/www.caxuacu.com\/index.php\/condiciones-de-reserva-y-o-cancelacion\/","title":{"rendered":"Condiciones de Reserva y\/o Cancelaci\u00f3n"},"content":{"rendered":"\n<h2 class=\"wp-block-heading\">Condiciones Generales:<\/h2>\n\n\n\n<ul class=\"wp-block-list\"><li>Camas supletorias (previa solicitud)<\/li><\/ul>\n\n\n\n<p><strong>Estancias de 1 noche:<\/strong><\/p>\n\n\n\n<ul class=\"wp-block-list\"><li>En alquileres de 1 noche, el precio se incrementa un 20% sobre los precios arriba indicados.<\/li><li>En temporadas media y alta el alquiler m\u00ednimo son dos noches.<\/li><\/ul>\n\n\n\n<p><strong>Descuentos:<\/strong><\/p>\n\n\n\n<ul class=\"wp-block-list\"><li>5% estancia mes completo.<\/li><\/ul>\n\n\n\n<p><strong>Horarios Entrada:<\/strong><\/p>\n\n\n\n<ul class=\"wp-block-list\"><li>Check In \/ Entrada:&nbsp;A partir 16:00 horas<\/li><li>Check Out \/ Salida:&nbsp;Hasta las 11:00 horas<\/li><\/ul>\n\n\n\n<p><strong>Temporadas:<\/strong><\/p>\n\n\n\n<ul class=\"wp-block-list\"><li>Temporada Alta: 01\/07 al 31\/08.<\/li><li>Temporada Media:&nbsp;15\/06 al 30\/06, 01\/09 al 30\/09, Semana Santa, Navidad y Puentes<\/li><li>Temporada Baja:&nbsp;Resto del A\u00f1o.<\/li><\/ul>\n\n\n\n<h2 class=\"wp-block-heading\">Condiciones de Reserva y\/o Cancelaci\u00f3n:<\/h2>\n\n\n\n<ul class=\"wp-block-list\"><li>Apartamentos Rurales Ca Xuacu no se hace responsable de ninguna reserva que no haya sido confirmada por escrito.<\/li><li>Revise atentamente los detalles de su reserva, pues son los que aparecen registrados en nuestro sistema. De existir alguna anomal\u00eda comun\u00edquenosla inmediatamente.<\/li><li>A trav\u00e9s de nuestra web, nosotros proporcionamos una plataforma en l\u00ednea a trav\u00e9s de la cual los ofertamos nuestros apartamentos y los visitantes de la p\u00e1gina web pueden realizar reservas.<\/li><li>Al llevar a cabo una reserva mediante www.caxuacu.com, usted entra en una relaci\u00f3n contractual directa (legalmente vinculante) con el alojamiento que ha reservado. Desde el momento en que realiza su reserva, la p\u00e1gina web act\u00faa \u00fanicamente como intermediaria entre usted y el alojamiento, trasmitiendo los datos de la reserva al alojamiento y remiti\u00e9ndole un correo electr\u00f3nico de confirmaci\u00f3n en representaci\u00f3n del alojamiento.<\/li><li>Nuestros servicios son \u00fanicamente para uso personal y no comercial. Por lo tanto, no est\u00e1 permitido revender, realizar deep-links, utilizar, copiar, monitorizar (por ejemplo, spider, scrape), mostrar, bajar o reproducir el contenido, la informaci\u00f3n, el software, los productos o los servicios disponibles en nuestro sitio web para cualquier actividad comercial o competitiva.<\/li><li>Nuestras tarifas son directas, no hay intermediarios, usted pagar\u00e1 la tarifa final que oferta nuestro alojamiento.<\/li><li>Es necesario recordar que en caso de alguna incidencia que pueda retrasar su llegada deber\u00e1 comunicar con el alojamiento para confirmar \u00e9sta, siempre que vaya a producirse a partir de las 20.00 horas del d\u00eda de llegada prevista.<\/li><li>En ning\u00fan caso se podr\u00e1 admitir mayor n\u00famero de personas de las plazas para las que est\u00e9 preparado el apartamento, reserv\u00e1ndose Apartamentos Rurales Ca Xuacu el derecho de no admisi\u00f3n, o, en su caso, de desalojo.<\/li><li>La anulaci\u00f3n de reserva generar\u00e1 una penalizaci\u00f3n del anticipo seg\u00fan esta tabla y siempre con un m\u00ednimo establecido de 10\u20ac en concepto de gastos de gesti\u00f3n.<\/li><\/ul>\n\n\n\n<p>&nbsp; &nbsp; a) El 25% cuando la anulaci\u00f3n se haga con menos de 30 d\u00edas de antelaci\u00f3n.<\/p>\n\n\n\n<p>&nbsp; &nbsp; b) El 100% cuando se haga con menos de 15 d\u00edas.<\/p>\n\n\n\n<ul class=\"wp-block-list\"><li>En caso de que Apartamentos Granda de Isla se vea obligado por fuerza mayor a cancelar la reserva hecha por el cliente, se ofrecer\u00e1n como alternativas, bien, un apartamento de categor\u00eda igual o superior a la que se hab\u00eda reservado, siempre y cuando haya disponibilidad, o bien, se reintegrar\u00e1 el total de la cantidad de dinero entregado a cuenta.<\/li><li>En todo momento el Cliente es totalmente responsable todos los datos que facilite a Apartamentos Granda de Isla y de su veracidad, incluyendo sus datos personales y los referentes al n\u00famero de personas que ocupar\u00e1n el alojamiento (incluyendo ni\u00f1os cualquiera que sea su edad).<\/li><li>No se admiten mascotas en Apartamentos Granda de Isla.<\/li><li>El Cliente se compromete a comunicar las irregularidades o deficiencias que pudiera encontrar en la alojamiento lo antes posible, y siempre durante la estancia en Apartamentos Granda de Isla.<\/li><li>Apartamentos Rurales Ca Xuacu solucionar\u00e1 en breve plazo cualquier anomal\u00eda o deficiencia e incluso proceder\u00e1 al cambio de la propiedad si as\u00ed lo estimara conveniente, siempre que las causas aducidas sean comprobadas como ciertas.<\/li><li>Toda reclamaci\u00f3n efectuada por el Cliente despu\u00e9s de abandonar la propiedad no ser\u00e1 atendida por carecer de los m\u00e1s elementales criterios que pudieran tramitar la reclamaci\u00f3n.<\/li><\/ul>\n\n\n\n<p><\/p>\n","protected":false},"excerpt":{"rendered":"<p>Condiciones Generales: Camas supletorias (previa solicitud) Estancias de 1 noche: En alquileres de 1 noche, el precio se incrementa un 20% sobre los precios arriba indicados. En temporadas media y alta el alquiler m\u00ednimo son dos noches. Descuentos: 5% estancia mes completo. Horarios Entrada: Check In \/ Entrada:&nbsp;A partir 16:00 horas Check Out \/ Salida:&nbsp;Hasta &hellip; <a href=\"https:\/\/www.caxuacu.com\/index.php\/condiciones-de-reserva-y-o-cancelacion\/\" class=\"more-link\">Continue reading<span class=\"screen-reader-text\"> \u00abCondiciones de Reserva y\/o Cancelaci\u00f3n\u00bb<\/span><\/a><\/p>\n","protected":false},"author":2,"featured_media":0,"parent":0,"menu_order":0,"comment_status":"closed","ping_status":"closed","template":"","meta":{"footnotes":""},"class_list":["post-4515","page","type-page","status-publish","hentry"],"_links":{"self":[{"href":"https:\/\/www.caxuacu.com\/index.php\/wp-json\/wp\/v2\/pages\/4515","targetHints":{"allow":["GET"]}}],"collection":[{"href":"https:\/\/www.caxuacu.com\/index.php\/wp-json\/wp\/v2\/pages"}],"about":[{"href":"https:\/\/www.caxuacu.com\/index.php\/wp-json\/wp\/v2\/types\/page"}],"author":[{"embeddable":true,"href":"https:\/\/www.caxuacu.com\/index.php\/wp-json\/wp\/v2\/users\/2"}],"replies":[{"embeddable":true,"href":"https:\/\/www.caxuacu.com\/index.php\/wp-json\/wp\/v2\/comments?post=4515"}],"version-history":[{"count":1,"href":"https:\/\/www.caxuacu.com\/index.php\/wp-json\/wp\/v2\/pages\/4515\/revisions"}],"predecessor-version":[{"id":4516,"href":"https:\/\/www.caxuacu.com\/index.php\/wp-json\/wp\/v2\/pages\/4515\/revisions\/4516"}],"wp:attachment":[{"href":"https:\/\/www.caxuacu.com\/index.php\/wp-json\/wp\/v2\/media?parent=4515"}],"curies":[{"name":"wp","href":"https:\/\/api.w.org\/{rel}","templated":true}]}}