{"id":361,"date":"2017-05-16T13:40:41","date_gmt":"2017-05-16T13:40:41","guid":{"rendered":"http:\/\/themes.getmotopress.com\/oceanica\/?page_id=16"},"modified":"2023-10-26T12:02:59","modified_gmt":"2023-10-26T10:02:59","slug":"hotel","status":"publish","type":"page","link":"https:\/\/www.caxuacu.com\/","title":{"rendered":"Bienvenidos a Ca Xuacu"},"content":{"rendered":"\n<p class=\"has-text-align-center\">Los Apartamentos Rurales \u00abCa Xuacu\u00bb se encuentran en Quintana. Esta peque\u00f1a aldea esta situada entre Luarca y Cudillero en la zona del Occidente de Asturias.  Por estar situada entre Cabo Vidio y Cabo Busto, recibe el nombre de \u00abEntre Cabos\u00bb. Donde se esconde la belleza de este lugar. Su costa escarpada hace que existan multitud de playas de muy diversa condici\u00f3n. Sus acantilados imponentes hacen posible en tan solo unos metros, pasar de un bosque a una inmensa playa, este es el caso de la playa de Quintana.<\/p>\n\n\n\n<p class=\"has-text-align-center\">La casona, data del siglo XVIII y fue restaurada por sus propietarios con muy buen gusto. Conserva el encanto de anta\u00f1o y ofrecer a sus visitantes 4 Apartamentos Tur\u00edsticos Rurales con categor\u00eda de 2 llaves. Todos ellos crean un ambiente acogedor que invita al viajero a descansar y relajarse.<\/p>\n","protected":false},"excerpt":{"rendered":"<p>Apartamentos Rurales en Quintana, un lugar donde descansar entre el mar y la monta\u00f1a<\/p>\n","protected":false},"author":1,"featured_media":5609,"parent":0,"menu_order":0,"comment_status":"closed","ping_status":"closed","template":"template-front-page.php","meta":{"footnotes":""},"class_list":["post-361","page","type-page","status-publish","has-post-thumbnail","hentry"],"_links":{"self":[{"href":"https:\/\/www.caxuacu.com\/index.php\/wp-json\/wp\/v2\/pages\/361","targetHints":{"allow":["GET"]}}],"collection":[{"href":"https:\/\/www.caxuacu.com\/index.php\/wp-json\/wp\/v2\/pages"}],"about":[{"href":"https:\/\/www.caxuacu.com\/index.php\/wp-json\/wp\/v2\/types\/page"}],"author":[{"embeddable":true,"href":"https:\/\/www.caxuacu.com\/index.php\/wp-json\/wp\/v2\/users\/1"}],"replies":[{"embeddable":true,"href":"https:\/\/www.caxuacu.com\/index.php\/wp-json\/wp\/v2\/comments?post=361"}],"version-history":[{"count":8,"href":"https:\/\/www.caxuacu.com\/index.php\/wp-json\/wp\/v2\/pages\/361\/revisions"}],"predecessor-version":[{"id":9817,"href":"https:\/\/www.caxuacu.com\/index.php\/wp-json\/wp\/v2\/pages\/361\/revisions\/9817"}],"wp:featuredmedia":[{"embeddable":true,"href":"https:\/\/www.caxuacu.com\/index.php\/wp-json\/wp\/v2\/media\/5609"}],"wp:attachment":[{"href":"https:\/\/www.caxuacu.com\/index.php\/wp-json\/wp\/v2\/media?parent=361"}],"curies":[{"name":"wp","href":"https:\/\/api.w.org\/{rel}","templated":true}]}}