{"id":3,"date":"2019-05-08T09:49:45","date_gmt":"2019-05-08T09:49:45","guid":{"rendered":"http:\/\/caxuacu.com\/?page_id=3"},"modified":"2019-06-17T18:12:48","modified_gmt":"2019-06-17T16:12:48","slug":"politica-de-privacidad","status":"publish","type":"page","link":"https:\/\/www.caxuacu.com\/index.php\/politica-de-privacidad\/","title":{"rendered":"Pol\u00edtica de privacidad"},"content":{"rendered":"\n<p><strong>Responsable: <\/strong><\/p>\n\n\n\n<p>Jose Lu\u00eds Garc\u00eda Nieto<br>NIF: B27313873<br>Dir. postal: Lg. de Quintana, 17 33783 Vald\u00e9s (Asturias)<br>Tel\u00e9fono: 985.645.303<br>Correo electr\u00f3nico: info@caxuacu.com<\/p>\n\n\n\n<p><br><strong> Finalidad: <\/strong><\/p>\n\n\n\n<p>Env\u00edo de informaci\u00f3n presonalizada, gestionar el registro de reservas, atender las consultas realizadas por usted, gestion de reservas, comunicaciones personalizadas relacionadas con su solicitud o reserva.<\/p>\n\n\n\n<p><br><strong> Legitimaci\u00f3n: <\/strong><\/p>\n\n\n\n<p>Ejecuci\u00f3n del contrato, prestaci\u00f3n del consentimiento, etc.<br> <\/p>\n\n\n\n<p><strong>Derechos del interesado: <\/strong><\/p>\n\n\n\n<p>El usuario tiene acceso, rectificaci\u00f3n, supresi\u00f3n, cancelaci\u00f3n, limitaci\u00f3n y<br> portabilidad de los datos. M\u00e1s informaci\u00f3n: Ver <a href=\"https:\/\/www.caxuacu.com\/index.php\/politica-de-privacidad\/\">Pol\u00edtica de Privacidad<\/a><\/p>\n\n\n\n<p><strong>POL\u00cdTICA DE PRIVACIDAD<\/strong><\/p>\n\n\n\n<p><br> Esta web cumple el Reglamento (UE) 2016\/679 del Parlamento Europeo y del Consejo,<br> de 27 de abril de 2016, relativo a la protecci\u00f3n de las personas f\u00edsicas en lo que respecta<br> al tratamiento de datos personales y a la libre circulaci\u00f3n de estos datos y por el que se<br> deroga la Directiva 95\/46\/CE (En adelante, RGPD) y la Ley Org\u00e1nica 3\/2018, de 5 de<br> diciembre, de Protecci\u00f3n de datos Personales y Garant\u00eda de los derechos digitales.<br> En todo momento se adoptan las medidas t\u00e9cnicas y de organizaci\u00f3n necesarias para<br> garantizar la seguridad e integridad de los datos de car\u00e1cter personal que trate, as\u00ed<br> como para evitar su p\u00e9rdida, alteraci\u00f3n y\/o acceso por parte de terceros no autorizados.<br> <\/p>\n\n\n\n<p>Responsable del tratamiento:<br>Jose Lu\u00eds Garc\u00eda Nieto<br>NIF: B27313873<br>Dir. postal: Lg. de Quintana, 17 33783 Vald\u00e9s (Asturias)<br>Tel\u00e9fono: 985.645.303<br>Correo electr\u00f3nico: info@caxuacu.com<\/p>\n\n\n\n<p><strong>C\u00f3mo se obtienen los datos y base del consentimiento<\/strong><\/p>\n\n\n\n<p><br> Como usuario, mediante la marcaci\u00f3n de la casilla, acepta expresamente y de forma<br> libre e inequ\u00edvoca que sus datos personales sean tratados por parte de Apartamentos Rurales Ca Xuacu para realizar las siguientes finalidades:<br><br>&#8211; Tramitar encargos, solicitudes o cualquier tipo de petici\u00f3n que sea realizada por<br> el usuario a trav\u00e9s de cualquiera de las formas de contacto que se ponen a su<br> disposici\u00f3n en la web.<br> &#8211; Remisi\u00f3n de comunicaciones comerciales publicitarias por email relacionadas<br> sobre productos o servicios que se ofrecen, as\u00ed como por parte de los<br> colaboradores o partners con los que se hubiera alcanzado alg\u00fan acuerdo de<br> promoci\u00f3n comercial entre sus clientes. En este caso, los terceros nunca tendr\u00e1n<br> acceso a los datos personales. Estas comunicaciones comerciales ser\u00e1n<br> realizadas por mi parte a trav\u00e9s de la newsletter y ser\u00e1n productos y servicios<br> relacionados con el sector.<br> <\/p>\n\n\n\n<p>La base legal para el tratamiento de sus datos es el consentimiento.<br>Los datos que se solicitan a trav\u00e9s de la web son obligatorios, ya que son necesarios para<br>la prestaci\u00f3n de un servicio \u00f3ptimo al usuario. En caso de que no sean facilitados todos<br> los datos, no se garantiza que la informaci\u00f3n y servicios facilitados sean completamente<br> ajustados a sus necesidades.<br><\/p>\n\n\n\n<p><strong>Finalidad<\/strong><\/p>\n\n\n\n<p><br> Los datos personales proporcionados tienen como finalidad su uso para env\u00edo de<br> informaci\u00f3n administrativa, t\u00e9cnica o comercial sobre nuestros productos y servicios.<\/p>\n\n\n\n<p><strong>Legitimaci\u00f3n para el tratamiento de sus datos<\/strong><\/p>\n\n\n\n<p><br> Con la cumplimentaci\u00f3n del siguiente formulario y la aceptaci\u00f3n de la Pol\u00edtica de<br> Privacidad, usted otorga su consentimiento expreso para que sus datos puedan ser<br> tratados por nosotros.<\/p>\n\n\n\n<p><strong>Tiempo de conservaci\u00f3n de los datos<\/strong><\/p>\n\n\n\n<p><br> El plazo de conservaci\u00f3n de tus datos depender\u00e1 de las finalidades para los que los<br> tratemos, seg\u00fan establece a continuaci\u00f3n.<\/p>\n\n\n\n<p>Encargados de tratamiento<br> Para prestar servicios estrictamente necesarios para el desarrollo de la actividad y<br> cumplir con las finalidades indicadas en la presente Pol\u00edtica de Privacidad, se comparten<br> datos con los siguientes prestadores bajo sus correspondientes condiciones de privacidad.<\/p>\n\n\n\n<ul class=\"wp-block-list\"><li>Google Analytics<\/li><li>Entidades financieras (Stripe y Paypal)<\/li><li>Proveedores de servicios tecnol\u00f3gicos (Doominios y Aurora Hosting)<\/li><li>Proveedores y colaboradores de servicios relacionados con el marketing y la<br> publicidad.<br><\/li><\/ul>\n\n\n\n<p><strong>Derechos del interesado<\/strong><\/p>\n\n\n\n<p><strong><br> <\/strong>Apartamentos Rurales Ca Xuacu  garantiza el ejercicio de tus derechos de acceso, rectificaci\u00f3n,<br> limitaci\u00f3n, oposici\u00f3n, portabilidad y cancelaci\u00f3n, y de los dem\u00e1s establecidos en la Ley<br> Org\u00e1nica 3\/2018, de 5 de diciembre, de Protecci\u00f3n de datos Personales y Garant\u00eda de<br> los Derechos Digitales a trav\u00e9s del correo electr\u00f3nico: contacto@caxuacu.com indicando el motivo<br> de la solicitud y el derecho a ejercitar. En caso de que se considere necesario para la<br> identificaci\u00f3n, se podr\u00e1 solicitar prueba v\u00e1lida en derecho, como fotocopia del D.N.I. o<br> equivalente.<\/p>\n\n\n\n<p><strong>Modificaci\u00f3n en la pol\u00edtica de privacidad<\/strong><\/p>\n\n\n\n<p><br> En cualquier momento puedo modificar la presente pol\u00edtica para adaptarla a novedades<br> legislativas o jurisprudenciales, as\u00ed como a pr\u00e1cticas del sector. En dichos supuestos, se<br> notificar\u00e1 a trav\u00e9s de correo electr\u00f3nico al interesado.<\/p>\n\n\n\n<p><br> <\/p>\n\n\n\n<p><\/p>\n","protected":false},"excerpt":{"rendered":"<p>Responsable: Jose Lu\u00eds Garc\u00eda NietoNIF: B27313873Dir. postal: Lg. de Quintana, 17 33783 Vald\u00e9s (Asturias)Tel\u00e9fono: 985.645.303Correo electr\u00f3nico: info@caxuacu.com Finalidad: Env\u00edo de informaci\u00f3n presonalizada, gestionar el registro de reservas, atender las consultas realizadas por usted, gestion de reservas, comunicaciones personalizadas relacionadas con su solicitud o reserva. Legitimaci\u00f3n: Ejecuci\u00f3n del contrato, prestaci\u00f3n del consentimiento, etc. Derechos del interesado: &hellip; <a href=\"https:\/\/www.caxuacu.com\/index.php\/politica-de-privacidad\/\" class=\"more-link\">Continue reading<span class=\"screen-reader-text\"> \u00abPol\u00edtica de privacidad\u00bb<\/span><\/a><\/p>\n","protected":false},"author":1,"featured_media":0,"parent":0,"menu_order":0,"comment_status":"closed","ping_status":"open","template":"","meta":{"footnotes":""},"class_list":["post-3","page","type-page","status-publish","hentry"],"_links":{"self":[{"href":"https:\/\/www.caxuacu.com\/index.php\/wp-json\/wp\/v2\/pages\/3","targetHints":{"allow":["GET"]}}],"collection":[{"href":"https:\/\/www.caxuacu.com\/index.php\/wp-json\/wp\/v2\/pages"}],"about":[{"href":"https:\/\/www.caxuacu.com\/index.php\/wp-json\/wp\/v2\/types\/page"}],"author":[{"embeddable":true,"href":"https:\/\/www.caxuacu.com\/index.php\/wp-json\/wp\/v2\/users\/1"}],"replies":[{"embeddable":true,"href":"https:\/\/www.caxuacu.com\/index.php\/wp-json\/wp\/v2\/comments?post=3"}],"version-history":[{"count":5,"href":"https:\/\/www.caxuacu.com\/index.php\/wp-json\/wp\/v2\/pages\/3\/revisions"}],"predecessor-version":[{"id":1579,"href":"https:\/\/www.caxuacu.com\/index.php\/wp-json\/wp\/v2\/pages\/3\/revisions\/1579"}],"wp:attachment":[{"href":"https:\/\/www.caxuacu.com\/index.php\/wp-json\/wp\/v2\/media?parent=3"}],"curies":[{"name":"wp","href":"https:\/\/api.w.org\/{rel}","templated":true}]}}