{"id":1522,"date":"2019-06-03T16:39:54","date_gmt":"2019-06-03T14:39:54","guid":{"rendered":"https:\/\/www.caxuacu.com\/?page_id=1522"},"modified":"2019-06-13T23:43:18","modified_gmt":"2019-06-13T21:43:18","slug":"aviso-legal","status":"publish","type":"page","link":"https:\/\/www.caxuacu.com\/index.php\/aviso-legal\/","title":{"rendered":"Aviso legal"},"content":{"rendered":"\n<p>En cumplimiento de la Ley 34\/2002, de 11 de julio, de Servicios de la Sociedad de la<br> Informaci\u00f3n y del Comercio Electr\u00f3nico, se informa que el titular de esta web es<br> Jose Lu\u00eds Garc\u00eda Nieto con NIF\/CIF  10560702 E y con domicilio en Lg. Quintana, 17 33785 Vald\u00e9s (Asturias), tel\u00e9fono 645.935.698 y correo electr\u00f3nico contacto@caxuacu.com siendo su actividad<br> social apartamentos tu\u0155isticos con Numero en el Registro de Empresas Tur\u00edsticas del Principado de Asturias AR-394-AS.<\/p>\n\n\n\n<p><br> En este espacio encontrar\u00e1s toda la informaci\u00f3n relativa a los t\u00e9rminos y condiciones<br> legales que definen las relaciones entre los usuarios y yo como responsable de esta web.<br> Como usuario, es importante que conozcas estos t\u00e9rminos antes de continuar<br> navegando por la misma.<\/p>\n\n\n\n<p><br> <strong>Finalidad de la web<\/strong><\/p>\n\n\n\n<p><br> El presente documento establece las condiciones por las que se rige el uso de esta<br> p\u00e1gina web www.caxuacu.com, cualquier que sea el aplicativo, medio digital,<br> soporte o dispositivo a trav\u00e9s del que se puede acceder. El objeto de esta web www.caxuacu.com<br> En concreto:<\/p>\n\n\n\n<p><br> &#8211; Comercializaci\u00f3n de reservas propias en Apartamentos Tur\u00edsticos Ca Xuacu<br> &#8211; Informaci\u00f3n detallada de las tarifas, servicios, disponibilidades ofrecidos por Apartamentos Tur\u00edsticos    Ca Xuacu<br> &#8211; Contacto con Apartamentos Tur\u00edsticos Ca Xuacu<\/p>\n\n\n\n<p><br> <strong>Uso de la web<\/strong><\/p>\n\n\n\n<p><br> Al acceder a la web se adquiere la condici\u00f3n de usuario, aceptando las presentes<br> condiciones de uso. No obstante, el mero uso de la web no inicia una relaci\u00f3n<br> contractual\/laboral entre las partes. Al hacer uso de esta p\u00e1gina web y\/o realizar reservas a trav\u00e9s de la misma se compromete a:<\/p>\n\n\n\n<ul class=\"wp-block-list\"><li>Hacer uso de esta p\u00e1gina web \u00fanicamente para realizar consultas o pedidos<br> legalmente v\u00e1lidos.<\/li><li>No realizar ning\u00fana reserva falsa o fraudulenta. En el caso de que se pudiera considerar que se ha hecho una reserva de esta \u00edndole estaremos autorizados para anularlo e informar a las autoridades competentes.<\/li><li>Facilitarnos su direcci\u00f3n de correo electr\u00f3nico, direcci\u00f3n postal y\/u otros datos de contacto de forma veraz y exacta. Asimismo, consiente que podremos hacer uso de dicha informaci\u00f3n para ponernos en contacto con usted si fuera necesario, siguiendo lo legalmente establecido y detallado en nuestra <a href=\"https:\/\/www.caxuacu.com\/index.php\/politica-de-privacidad\/\">Pol\u00edtica de Privacidad<\/a>.<\/li><li> No difundir contenidos o propaganda de car\u00e1cter racista, xen\u00f3fobo, pornogr\u00e1fico, de apolog\u00eda del terrorismo o atentado contra los derechos humanos.<\/li><\/ul>\n\n\n\n<p>Apartamentos Tur\u00edsticos Ca Xuacu se reserva el derecho de retirar todos aquellos comentarios y<br> aportaciones que vulneren el respeto a la dignidad de la persona, que sean<br> discriminatorios, xen\u00f3fobos, racistas, pornogr\u00e1ficos, que atenten contra la juventud o la<br> infancia, el orden o la seguridad p\u00fablica o que, a su juicio, no resultaran adecuados para<br> su publicaci\u00f3n.<br> Adem\u00e1s, Apartamentos Tur\u00edsticos Ca Xuacu, no se hace responsable de las opiniones vertidas por<br> los usuarios a trav\u00e9s del blog u otras herramientas de participaci\u00f3n que puedan crearse,<br> conforme a lo previsto en la normativa de aplicaci\u00f3n.<\/p>\n\n\n\n<p><br> <strong>Protecci\u00f3n de datos<\/strong><\/p>\n\n\n\n<p><br> De conformidad con la Ley Org\u00e1nica 3\/2018, de 5 de diciembre, de Protecci\u00f3n de Datos<br> Personales y Garant\u00eda de los Derechos Digitales y el Reglamento (UE) 2016\/679 del<br> Parlamento Europeo, Apartamentos Tur\u00edsticos Ca Xuacu se compromete a adoptar las medidas<br> t\u00e9cnicas y organizativas necesarias, seg\u00fan el nivel de seguridad de los datos recabados,<br> de forma que garanticen la seguridad de los datos de car\u00e1cter personal y eviten su<br> alteraci\u00f3n, p\u00e9rdida, tratamiento o acceso no autorizado.<br> Para ampliar informaci\u00f3n, consulte nuestra <a href=\"https:\/\/www.caxuacu.com\/index.php\/politica-de-privacidad\/\">Pol\u00edtica de Privacidad<\/a>.<\/p>\n\n\n\n<p><br> <strong>Propiedad intelectual<\/strong><\/p>\n\n\n\n<p><br>Apartamentos Tur\u00edsticos Ca Xuacu es el titular de todos los derechos de propiedad intelectual de la<br> web, as\u00ed como de los elementos contenidos en la misma.<br> Cualquier uso no autorizado previamente por Apartamentos Tur\u00edsticos Ca Xuacu, ser\u00e1 considerado<br> un incumplimiento grave de los derechos de propiedad intelectual o industrial del autor.<br> Se podr\u00e1 hacer uso de dicho material \u00fanicamente en la forma autorizada expresamente<br> por la entidad o por quienes han otorgado licencia para su uso; aunque esto no impedir\u00e1<br> que se pueda utilizar este sitio web en la medida necesaria para copiar la informaci\u00f3n<br> sobre pedidos o datos de contacto.<br> Para realizar cualquier tipo de observaci\u00f3n respecto a posibles incumplimientos de los<br> derechos de propiedad intelectual o industrial, as\u00ed como sobre cualquiera de los contenidos del sitio web, puede hacerlo a trav\u00e9s del siguiente correo electr\u00f3nico:<a href=\"mailto:contacto@caxuacu.com\"> contacto@caxuacu.com<\/a>.<br> <\/p>\n\n\n\n<p><strong>Exclusi\u00f3n de garant\u00edas y responsabilidad<\/strong><\/p>\n\n\n\n<p><br>Apartamentos Tur\u00edsticos Ca Xuacu, no ser\u00e1 responsable por ning\u00fan incumplimiento, retraso o<br> impedimentos en el cumplimiento de alguna de las obligaciones asumidas, cuando el<br> mismo se deba a acontecimientos que est\u00e1n fuera de nuestro control razonable, es<br> decir, por causa de fuerza mayor, entendi\u00e9ndose por ella cualquier acto,<br> acontecimiento, falta de ejercicio, omisi\u00f3n o accidente que est\u00e9 fuera de nuestro control<br> razonable.<\/p>\n\n\n\n<p><br> <strong>Modificaci\u00f3n de las condiciones<\/strong><\/p>\n\n\n\n<p><br> Apartamentos Tur\u00edsticos Ca Xuacu se reserva la facultad para modificar los T\u00e9rminos y Condiciones.<br> Las modificaciones introducidas no tendr\u00e1n car\u00e1cter retroactivo.<br> Legislaci\u00f3n aplicable y Jurisdicci\u00f3n<br> Para la resoluci\u00f3n de todas las controversias o cuestiones relacionadas con el presente<br> sitio web o de las actividades en \u00e9l desarrolladas, ser\u00e1 de aplicaci\u00f3n la legislaci\u00f3n<br> espa\u00f1ola, a la que se someten expresamente las partes.<\/p>\n","protected":false},"excerpt":{"rendered":"<p>En cumplimiento de la Ley 34\/2002, de 11 de julio, de Servicios de la Sociedad de la Informaci\u00f3n y del Comercio Electr\u00f3nico, se informa que el titular de esta web es Jose Lu\u00eds Garc\u00eda Nieto con NIF\/CIF 10560702 E y con domicilio en Lg. Quintana, 17 33785 Vald\u00e9s (Asturias), tel\u00e9fono 645.935.698 y correo electr\u00f3nico contacto@caxuacu.com &hellip; <a href=\"https:\/\/www.caxuacu.com\/index.php\/aviso-legal\/\" class=\"more-link\">Continue reading<span class=\"screen-reader-text\"> \u00abAviso legal\u00bb<\/span><\/a><\/p>\n","protected":false},"author":2,"featured_media":0,"parent":0,"menu_order":0,"comment_status":"closed","ping_status":"closed","template":"","meta":{"footnotes":""},"class_list":["post-1522","page","type-page","status-publish","hentry"],"_links":{"self":[{"href":"https:\/\/www.caxuacu.com\/index.php\/wp-json\/wp\/v2\/pages\/1522","targetHints":{"allow":["GET"]}}],"collection":[{"href":"https:\/\/www.caxuacu.com\/index.php\/wp-json\/wp\/v2\/pages"}],"about":[{"href":"https:\/\/www.caxuacu.com\/index.php\/wp-json\/wp\/v2\/types\/page"}],"author":[{"embeddable":true,"href":"https:\/\/www.caxuacu.com\/index.php\/wp-json\/wp\/v2\/users\/2"}],"replies":[{"embeddable":true,"href":"https:\/\/www.caxuacu.com\/index.php\/wp-json\/wp\/v2\/comments?post=1522"}],"version-history":[{"count":3,"href":"https:\/\/www.caxuacu.com\/index.php\/wp-json\/wp\/v2\/pages\/1522\/revisions"}],"predecessor-version":[{"id":1571,"href":"https:\/\/www.caxuacu.com\/index.php\/wp-json\/wp\/v2\/pages\/1522\/revisions\/1571"}],"wp:attachment":[{"href":"https:\/\/www.caxuacu.com\/index.php\/wp-json\/wp\/v2\/media?parent=1522"}],"curies":[{"name":"wp","href":"https:\/\/api.w.org\/{rel}","templated":true}]}}