{"id":1515,"date":"2019-06-03T15:48:59","date_gmt":"2019-06-03T13:48:59","guid":{"rendered":"https:\/\/www.caxuacu.com\/?page_id=1515"},"modified":"2022-04-22T21:08:43","modified_gmt":"2022-04-22T19:08:43","slug":"donde-estamos","status":"publish","type":"page","link":"https:\/\/www.caxuacu.com\/index.php\/donde-estamos\/","title":{"rendered":"Donde Estamos"},"content":{"rendered":"\n<p class=\"has-text-align-center\">Estamos situados en Quintana, una peque\u00f1a aldea del concejo de Vald\u00e9s entre Luarca y Cudillero.<\/p>\n\n\n\n<p class=\"has-text-align-center\">Lg. de Quintana, 17<\/p>\n\n\n\n<p class=\"has-text-align-center\">33788 Vald\u00e9s (Asturias)<\/p>\n\n\n\n<p class=\"has-text-align-center\"><strong>Coordenadas:<\/strong><\/p>\n\n\n\n<p class=\"has-text-align-center\">43\u00b032&#8217;57.3&#8243;N <\/p>\n\n\n\n<p class=\"has-text-align-center\">6\u00b024&#8217;38.0&#8243;W<\/p>\n\n\n\n<iframe src=\"https:\/\/www.google.com\/maps\/embed?pb=!1m18!1m12!1m3!1d22474.567991918764!2d-6.422273860108021!3d43.551540476569826!2m3!1f0!2f0!3f0!3m2!1i1024!2i768!4f13.1!3m3!1m2!1s0xd3154b47fb8090d%3A0x84ef0bc294ce5a84!2sLugar%20Quintana%2C%2017%2C%2033783%20Quintana%2C%20Asturias%2C%20Spanien!5e0!3m2!1sde!2sde!4v1650654515391!5m2!1sde!2sde\" width=\"600\" height=\"450\" style=\"border:0;\" allowfullscreen=\"\" loading=\"lazy\" referrerpolicy=\"no-referrer-when-downgrade\"><\/iframe>\n","protected":false},"excerpt":{"rendered":"<p>Estamos situados en Quintana, una peque\u00f1a aldea del concejo de Vald\u00e9s entre Luarca y Cudillero. Lg. de Quintana, 17 33788 Vald\u00e9s (Asturias) Coordenadas: 43\u00b032&#8217;57.3&#8243;N 6\u00b024&#8217;38.0&#8243;W<\/p>\n","protected":false},"author":2,"featured_media":0,"parent":0,"menu_order":0,"comment_status":"closed","ping_status":"closed","template":"","meta":{"footnotes":""},"class_list":["post-1515","page","type-page","status-publish","hentry"],"_links":{"self":[{"href":"https:\/\/www.caxuacu.com\/index.php\/wp-json\/wp\/v2\/pages\/1515","targetHints":{"allow":["GET"]}}],"collection":[{"href":"https:\/\/www.caxuacu.com\/index.php\/wp-json\/wp\/v2\/pages"}],"about":[{"href":"https:\/\/www.caxuacu.com\/index.php\/wp-json\/wp\/v2\/types\/page"}],"author":[{"embeddable":true,"href":"https:\/\/www.caxuacu.com\/index.php\/wp-json\/wp\/v2\/users\/2"}],"replies":[{"embeddable":true,"href":"https:\/\/www.caxuacu.com\/index.php\/wp-json\/wp\/v2\/comments?post=1515"}],"version-history":[{"count":7,"href":"https:\/\/www.caxuacu.com\/index.php\/wp-json\/wp\/v2\/pages\/1515\/revisions"}],"predecessor-version":[{"id":6446,"href":"https:\/\/www.caxuacu.com\/index.php\/wp-json\/wp\/v2\/pages\/1515\/revisions\/6446"}],"wp:attachment":[{"href":"https:\/\/www.caxuacu.com\/index.php\/wp-json\/wp\/v2\/media?parent=1515"}],"curies":[{"name":"wp","href":"https:\/\/api.w.org\/{rel}","templated":true}]}}